{"id":124,"date":"2016-02-17T20:36:54","date_gmt":"2016-02-17T19:36:54","guid":{"rendered":"http:\/\/www.imkerverein-probstei.de\/?page_id=124"},"modified":"2016-03-20T22:08:50","modified_gmt":"2016-03-20T21:08:50","slug":"unsere-vereinsgeschichte","status":"publish","type":"page","link":"https:\/\/www.imkerverein-probstei.de\/?page_id=124","title":{"rendered":"Unsere Vereinsgeschichte"},"content":{"rendered":"<p>Der <strong>IMKERVEREIN\u00a0 PROBSTEI<\/strong>\u00a0 wurde im Jahre 1885 in Sch\u00f6nberg gegr\u00fcndet und ist mit den mehr als 130 Jahren Vereinsgeschichte einer der \u00e4ltesten Imkervereine in Schleswig- Holstein. Bl\u00e4ttert und liest man in den alten Chroniken des Vereines, so ist man erstaunt \u00fcber die Fragen und Probleme, die man auch aus den heutigen Imkerversammlungen fast im gleichen Wortlaut wieder erkennt.<\/p>\n<p>Ein Einblick , einhundert Jahre zur\u00fcck, in die<\/p>\n<p><strong><u>Winterversammlung, am 28.11.1915 um 1.30 Uhr, im Vereinslokal in Barsbek<\/u><\/strong><\/p>\n<ol>\n<li><u> Besprechung \u00fcber das letzte Bienenjahr<\/u><\/li>\n<\/ol>\n<p>Der 1. Vorsitzende Lehrer Doose begr\u00fc\u00dfte die Anwesenden und gab einen Kurzbericht zur gegenw\u00e4rtigen Kriegslage ab. Das Protokoll der letzten Sitzung wurde genehmigt.<\/p>\n<p>Zum Bienenjahr gab es nicht viel Erfreuliches zu berichten, denn nur die Rapstracht war befriedigend ausgefallen, ansonsten hatten alle Trachten versagt. Der geringe Honigvorrat ist zu einem guten Preis abgesetzt worden. Einige Imker hatten den Vereinsbeschluss mit der Festsetzung des Honigpreises nicht befolgt.<\/p>\n<ol start=\"2\">\n<li><u> Beschlussfassung \u00fcber die vorliegende neue Satzung<\/u><\/li>\n<\/ol>\n<p>Die vom Schriftf\u00fchrer Tonn neu aufgestellte Satzung wurde genehmigt. Ge\u00e4ndert wurde nur der \u00a7 9, es soll zuk\u00fcnftig eine zweite Bienenzeitung f\u00fcr den Vorstand vorhanden sein.<\/p>\n<p>Die Satzung wurde von den drei Vorstandsmitgliedern unterzeichnet.<\/p>\n<ol start=\"3\">\n<li><u> Wahl eines Vorstandsmitgliedes und zweier Revisoren<\/u><\/li>\n<\/ol>\n<p>Als stellvertretender Vorsitzender wurde Lehrer Pickart aus Krokau einstimmig wiedergew\u00e4hlt und er nahm die Wahl an. Bei den Revisoren gab es auch Wiederwahl von den Herren Bruhn und Moltzen.<\/p>\n<ol start=\"4\">\n<li><u> Zahlung der noch f\u00e4lligen Beitr\u00e4ge f\u00fcr 1916<\/u><\/li>\n<\/ol>\n<p>Die fehlenden Beitr\u00e4ge wurden bezahlt und die ausgestellten Quittungen verteilt.<\/p>\n<ol start=\"5\">\n<li><u> B\u00fccherwechsel und Sonstiges<\/u><\/li>\n<\/ol>\n<p>Die vereinseigenen B\u00fccher wurden getauscht und unter Sonstiges wurden keine Beschl\u00fcsse gefasst. Die Versammlung schloss mit der Hoffnung, dass Ostern 1916 die Friedensglocken l\u00e4uten m\u00f6gen und den W\u00fcnschen \u201eHeil und Sieg\u201c.<\/p>\n<p>&#8212;&#8212;&#8212;&#8212;&#8212;&#8212;&#8212;&#8212;&#8212;&#8212;&#8212;&#8212;&#8212;&#8212;&#8212;&#8212;&#8212;&#8212;&#8212;&#8212;&#8212;&#8212;&#8212;&#8212;&#8212;&#8212;&#8212;&#8212;&#8212;&#8212;&#8212;&#8212;&#8212;&#8212;&#8212;&#8212;&#8212;&#8211;<br \/>\nDie n\u00e4chste Versammlung am<\/p>\n<p><strong><u>Sonntag, den 30. April 1916 um 3 Uhr, im Vereinslokal in Barsbek<\/u><\/strong>.<\/p>\n<p>Anwesend waren zwanzig Mitglieder.<\/p>\n<ol>\n<li><u> Ergebnis der Auswinterung<\/u><\/li>\n<\/ol>\n<p>Nach der Begr\u00fc\u00dfung und der Protokollverlesung folgte der Bericht \u00fcber die Bienenv\u00f6lker. Einige Imker waren zufrieden mit ihren Bienen, andere beklagten nach dem Auswintern sehr kleine V\u00f6lker, auch gab es Probleme mit der Ruhrkrankheit. Es wird das Thema besprochen, ob warme oder kalte Einwinterung besser ist. Der gr\u00f6\u00dfere Teil der Imker bevorzugte die warme Verpackung der Bienenv\u00f6lker f\u00fcr die Wintermonate.<\/p>\n<ol start=\"2\">\n<li><u> Jahresabrechnung und Kassenpr\u00fcfung<\/u>\n<\/li>\n<\/ol>\n<p>Nach der Jahresabrechnung ist in der Kasse noch ein Bestand von 63,26 Mark vorhanden. Die Revisoren hatten die Kasse gepr\u00fcft und es ergaben sich keine Fehler, so wurde Entlastung erteilt.<\/p>\n<ol start=\"3\">\n<li><u> Vortrag eines Wanderwartes<\/u><\/li>\n<\/ol>\n<p>Leider musste aus Krankheitsgr\u00fcnden der Vortrag des Imkerschulmeisters Witt aus Preetz ausfallen.<\/p>\n<ol start=\"4\">\n<li><u> Diesj\u00e4hriger Zuckereinkauf<\/u><\/li>\n<\/ol>\n<p>Durch die Zuckerknappheit des Jahres ist der gemeinsame Einkauf des Bienenfutters schwierig. F\u00fcr jedes Standvolk k\u00f6nnen 10 Pfund Zucker bezogen werden. Nach langen Verhandlungen mit der Firma Stoltenberg wird dem Zentnerpreis von 22,50 Mark frei Haus zugestimmt.<\/p>\n<ol start=\"5\">\n<li><u> Unentgeltliche Verteilung von Riesenhonigkleesamen und Sonstiges<\/u><\/li>\n<\/ol>\n<p>Vom Landesverband konnten 10 Pfund der Kleesamen bezogen werden, die gleichm\u00e4\u00dfig an die anwesenden Imker zur Aussaat verteilt wurden.<\/p>\n<p><u>Zu Sonstiges:<\/u> Es wurde beschlossen wegen der allgemeinen Teuerung den Honigpreis f\u00fcr das Glas auf 2 Mark anzuheben. Der Zentnerpreis soll nicht unter 150 Mark betragen. Es ist ein <strong><u>einstimmiger <\/u><\/strong>Beschluss, der von den Mitgliedern befolgt werden muss.<\/p>\n<p>Unterzeichnet vom Schriftf\u00fchrer H. Tonn<\/p>\n","protected":false},"excerpt":{"rendered":"<p>Der IMKERVEREIN\u00a0 PROBSTEI\u00a0 wurde im Jahre 1885 in Sch\u00f6nberg gegr\u00fcndet und ist mit den mehr als 130 Jahren Vereinsgeschichte einer der \u00e4ltesten Imkervereine in Schleswig- Holstein. Bl\u00e4ttert und liest man in den alten Chroniken des Vereines, so ist man erstaunt \u00fcber die Fragen und Probleme, die man auch aus den heutigen Imkerversammlungen fast im gleichen &hellip; <a href=\"https:\/\/www.imkerverein-probstei.de\/?page_id=124\" class=\"more-link\"><span class=\"screen-reader-text\">Unsere Vereinsgeschichte<\/span> weiterlesen <span class=\"meta-nav\">&rarr;<\/span><\/a><\/p>\n","protected":false},"author":1,"featured_media":0,"parent":91,"menu_order":0,"comment_status":"closed","ping_status":"closed","template":"","meta":{"footnotes":""},"class_list":["post-124","page","type-page","status-publish","hentry"],"_links":{"self":[{"href":"https:\/\/www.imkerverein-probstei.de\/index.php?rest_route=\/wp\/v2\/pages\/124","targetHints":{"allow":["GET"]}}],"collection":[{"href":"https:\/\/www.imkerverein-probstei.de\/index.php?rest_route=\/wp\/v2\/pages"}],"about":[{"href":"https:\/\/www.imkerverein-probstei.de\/index.php?rest_route=\/wp\/v2\/types\/page"}],"author":[{"embeddable":true,"href":"https:\/\/www.imkerverein-probstei.de\/index.php?rest_route=\/wp\/v2\/users\/1"}],"replies":[{"embeddable":true,"href":"https:\/\/www.imkerverein-probstei.de\/index.php?rest_route=%2Fwp%2Fv2%2Fcomments&post=124"}],"version-history":[{"count":14,"href":"https:\/\/www.imkerverein-probstei.de\/index.php?rest_route=\/wp\/v2\/pages\/124\/revisions"}],"predecessor-version":[{"id":477,"href":"https:\/\/www.imkerverein-probstei.de\/index.php?rest_route=\/wp\/v2\/pages\/124\/revisions\/477"}],"up":[{"embeddable":true,"href":"https:\/\/www.imkerverein-probstei.de\/index.php?rest_route=\/wp\/v2\/pages\/91"}],"wp:attachment":[{"href":"https:\/\/www.imkerverein-probstei.de\/index.php?rest_route=%2Fwp%2Fv2%2Fmedia&parent=124"}],"curies":[{"name":"wp","href":"https:\/\/api.w.org\/{rel}","templated":true}]}}