{"id":451,"date":"2016-02-11T22:18:47","date_gmt":"2016-02-11T21:18:47","guid":{"rendered":"http:\/\/www.imkerverein-probstei.de\/?page_id=451"},"modified":"2016-03-21T21:25:09","modified_gmt":"2016-03-21T20:25:09","slug":"haeufig-gestellte-fragen-faq","status":"publish","type":"page","link":"https:\/\/www.imkerverein-probstei.de\/?page_id=451","title":{"rendered":"H\u00e4ufig gestellte Fragen"},"content":{"rendered":"<p><strong>H\u00e4ufig gestellte Fragen (FAQ Anf\u00e4nger)<\/strong><br \/>\n&#8212;&#8212;&#8212;&#8212;&#8212;&#8212;&#8212;&#8212;&#8212;&#8212;&#8212;&#8212;&#8212;&#8212;&#8212;&#8212;&#8212;&#8212;&#8212;&#8212;&#8212;&#8212;&#8212;&#8212;&#8212;&#8212;&#8212;&#8212;-<br \/>\n<strong>Bin ich f\u00fcr die Imkerei geeignet?<\/strong><br \/>\nDie Arbeiten am und im Bienenvolk sollten ruhig vonstatten gehen. Schnelle, hektische Bewegungen nehmen die Bienen wahr und beunruhigen sie. Auch die friedfertigste Biene ist in der Lage zu stechen. So ist vor Beginn einer Bienenhaltung zum Schutz der eigenen Gesundheit die Frage nach der Vertr\u00e4glichkeit von Bienenstichen zu kl\u00e4ren. Ferner ist bei einer starken Pollenallergie die Imkerei sicherlich nicht das geeignete Hobby.<\/p>\n<p><strong>Habe ich ausreichend Zeit f\u00fcr die Imkerei?<\/strong><br \/>\nDer zeitliche Aufwand richtet sich nach der Jahreszeit. Im Fr\u00fchjahr und im Sommer ist mehr zu tun. Zu dieser Zeit ist zumindest eine w\u00f6chentliche Kontrolle durchzuf\u00fchren, um den Zustand der V\u00f6lker zu begutachten und eventuelle Schw\u00e4rme zu verhindern. Auch fallen in diesen Zeitraum Honigernte und Verarbeitung. Ein Urlaub w\u00e4hrend dieser Zeit ist sicherlich schwer einzuplanen. Im Herbst und Winter ist generell Ruhe bei den V\u00f6lkern. Hier reicht es aus, alle drei bis vier Wochen nach den V\u00f6lkern zu sehen. Der Winter ist die Zeit der vorbereitenden Arbeiten f\u00fcr das neue Bienenjahr, wie Reinigung der Beutenteile, Fertigung von neuen R\u00e4hmchen und Einschmelzen von Bienenwachs.<\/p>\n<p><strong>Habe ich einen geeigneten Platz zur Aufstellung der Bienenv\u00f6lker?<\/strong><br \/>\nG\u00fcnstig ist nat\u00fcrlich ein eigenes Grundst\u00fcck. Auch ein Kleingartengel\u00e4nde bietet sich an. Von einer grenznahen Aufstellung ist immer abzuraten. Vor einer Aufstellung empfiehlt es sich, mit den Nachbarn dar\u00fcber zu reden.<\/p>\n<p><strong>Habe ich gen\u00fcgend Platz zur Lagerung der Ger\u00e4tschaften?<\/strong><br \/>\nZu Beginn einer Imkerei mit z.B. zwei V\u00f6lkern ist der Platzbedarf meist gering. Mit einem Entschluss weitere V\u00f6lker zu halten, vermehrt sich auch schnell die Zahl der Ger\u00e4tschaften. Ein separater Raum hierf\u00fcr sollte dann zur Verf\u00fcgung stehen.<\/p>\n<p><strong>Was brauche ich f\u00fcr den Anfang und wie hoch sind die Kosten?<\/strong><br \/>\nGebraucht werden Vorrichtungen ( Beuten\/Zargen) zur Unterbringung der Bienen, Werkzeug und Schutzkleidung zum Arbeiten und nat\u00fcrlich Bienen. Die Kostenh\u00f6he ist abh\u00e4ngig von der Zahl der Bienenv\u00f6lker. Das Material f\u00fcr zwei V\u00f6lker kostet etwa 600.- \u20ac. Das Werkzeug und die Schutzkleidung belaufen sich etwa auf 80.- \u20ac . Zwei Bienenv\u00f6lker kosten etwa 200.- \u20ac. Der Beginn mit so genannten Ablegern ist g\u00fcnstiger. Nicht selten sind gebrauchte Ger\u00e4tschaften g\u00fcnstig zu erwerben. Hierbei sollte immer ein erfahrener Imker als Berater dabei sein. Dieser ist umso wichtiger bei der Beschaffung von Bienen.<\/p>\n<p><strong>Was brauche ich sp\u00e4ter und wie hoch sind die Kosten?<\/strong><br \/>\nGemeint sind hier die Ger\u00e4tschaften f\u00fcr die Honigernte. Vorab sollte versucht werden, die ersten Honigernten bei einem befreundeten Imker\/Imkerpaten zu schleudern. Ferner ist zu pr\u00fcfen, ob gebrauchtes Material angeboten wird. Die Kosten f\u00fcr neue Ger\u00e4tschaften sind in etwa: Honigschleuder 300.- bis 700.- \u20ac, Entdecklungsgeschirr, Entdecklungsgabel, Honigsiebe, Honigeimer und R\u00fchrger\u00e4t ca. 200.- \u20ac.<\/p>\n","protected":false},"excerpt":{"rendered":"<p>H\u00e4ufig gestellte Fragen (FAQ Anf\u00e4nger) &#8212;&#8212;&#8212;&#8212;&#8212;&#8212;&#8212;&#8212;&#8212;&#8212;&#8212;&#8212;&#8212;&#8212;&#8212;&#8212;&#8212;&#8212;&#8212;&#8212;&#8212;&#8212;&#8212;&#8212;&#8212;&#8212;&#8212;&#8212;- Bin ich f\u00fcr die Imkerei geeignet? Die Arbeiten am und im Bienenvolk sollten ruhig vonstatten gehen. Schnelle, hektische Bewegungen nehmen die Bienen wahr und beunruhigen sie. Auch die friedfertigste Biene ist in der Lage zu stechen. So ist vor Beginn einer Bienenhaltung zum Schutz der eigenen Gesundheit die Frage &hellip; <a href=\"https:\/\/www.imkerverein-probstei.de\/?page_id=451\" class=\"more-link\"><span class=\"screen-reader-text\">H\u00e4ufig gestellte Fragen<\/span> weiterlesen <span class=\"meta-nav\">&rarr;<\/span><\/a><\/p>\n","protected":false},"author":1,"featured_media":0,"parent":0,"menu_order":0,"comment_status":"closed","ping_status":"closed","template":"","meta":{"footnotes":""},"class_list":["post-451","page","type-page","status-publish","hentry"],"_links":{"self":[{"href":"https:\/\/www.imkerverein-probstei.de\/index.php?rest_route=\/wp\/v2\/pages\/451","targetHints":{"allow":["GET"]}}],"collection":[{"href":"https:\/\/www.imkerverein-probstei.de\/index.php?rest_route=\/wp\/v2\/pages"}],"about":[{"href":"https:\/\/www.imkerverein-probstei.de\/index.php?rest_route=\/wp\/v2\/types\/page"}],"author":[{"embeddable":true,"href":"https:\/\/www.imkerverein-probstei.de\/index.php?rest_route=\/wp\/v2\/users\/1"}],"replies":[{"embeddable":true,"href":"https:\/\/www.imkerverein-probstei.de\/index.php?rest_route=%2Fwp%2Fv2%2Fcomments&post=451"}],"version-history":[{"count":7,"href":"https:\/\/www.imkerverein-probstei.de\/index.php?rest_route=\/wp\/v2\/pages\/451\/revisions"}],"predecessor-version":[{"id":630,"href":"https:\/\/www.imkerverein-probstei.de\/index.php?rest_route=\/wp\/v2\/pages\/451\/revisions\/630"}],"wp:attachment":[{"href":"https:\/\/www.imkerverein-probstei.de\/index.php?rest_route=%2Fwp%2Fv2%2Fmedia&parent=451"}],"curies":[{"name":"wp","href":"https:\/\/api.w.org\/{rel}","templated":true}]}}