{"id":478,"date":"2016-02-17T21:30:40","date_gmt":"2016-02-17T20:30:40","guid":{"rendered":"http:\/\/www.imkerverein-probstei.de\/?page_id=478"},"modified":"2016-03-20T22:16:26","modified_gmt":"2016-03-20T21:16:26","slug":"die-probstei","status":"publish","type":"page","link":"https:\/\/www.imkerverein-probstei.de\/?page_id=478","title":{"rendered":"Die Probstei"},"content":{"rendered":"<p><strong>Die Probstei<\/strong><br \/>\nist eine Region \u00f6stlich der Kieler F\u00f6rde.<br \/>\nIn fr\u00fcherer Zeit geh\u00f6rte das Gebiet dem Kloster Preetz und nannte sich \u201eKl\u00f6sterlich Preetzer Probstei\u201c.<br \/>\nAuch heute noch ist der Begriff in der \u201e<a href=\"http:\/\/www.amt-probstei.de\/\" target=\"_new\">Amtsverwaltung Probstei<\/a>\u201c mit 20 Gemeinden zu finden.<\/p>\n<p>Weiterf\u00fchrende Informationen finden Sie unter den folgenden Webseiten.<br \/>\n<a href=\"https:\/\/de.wikipedia.org\/wiki\/Probstei_(Region)\" target=\"_new\">Wikipedia &#8212; Probstei (Region)<\/a><br \/>\n<a href=\"http:\/\/wiki-de.genealogy.net\/Probstei\" target=\"_new\">GenWiki &#8212; Probstei<\/a><\/p>\n","protected":false},"excerpt":{"rendered":"<p>Die Probstei ist eine Region \u00f6stlich der Kieler F\u00f6rde. In fr\u00fcherer Zeit geh\u00f6rte das Gebiet dem Kloster Preetz und nannte sich \u201eKl\u00f6sterlich Preetzer Probstei\u201c. Auch heute noch ist der Begriff in der \u201eAmtsverwaltung Probstei\u201c mit 20 Gemeinden zu finden. Weiterf\u00fchrende Informationen finden Sie unter den folgenden Webseiten. Wikipedia &#8212; Probstei (Region) GenWiki &#8212; Probstei<\/p>\n","protected":false},"author":1,"featured_media":483,"parent":0,"menu_order":0,"comment_status":"closed","ping_status":"closed","template":"","meta":{"footnotes":""},"class_list":["post-478","page","type-page","status-publish","has-post-thumbnail","hentry"],"_links":{"self":[{"href":"https:\/\/www.imkerverein-probstei.de\/index.php?rest_route=\/wp\/v2\/pages\/478","targetHints":{"allow":["GET"]}}],"collection":[{"href":"https:\/\/www.imkerverein-probstei.de\/index.php?rest_route=\/wp\/v2\/pages"}],"about":[{"href":"https:\/\/www.imkerverein-probstei.de\/index.php?rest_route=\/wp\/v2\/types\/page"}],"author":[{"embeddable":true,"href":"https:\/\/www.imkerverein-probstei.de\/index.php?rest_route=\/wp\/v2\/users\/1"}],"replies":[{"embeddable":true,"href":"https:\/\/www.imkerverein-probstei.de\/index.php?rest_route=%2Fwp%2Fv2%2Fcomments&post=478"}],"version-history":[{"count":5,"href":"https:\/\/www.imkerverein-probstei.de\/index.php?rest_route=\/wp\/v2\/pages\/478\/revisions"}],"predecessor-version":[{"id":502,"href":"https:\/\/www.imkerverein-probstei.de\/index.php?rest_route=\/wp\/v2\/pages\/478\/revisions\/502"}],"wp:featuredmedia":[{"embeddable":true,"href":"https:\/\/www.imkerverein-probstei.de\/index.php?rest_route=\/wp\/v2\/media\/483"}],"wp:attachment":[{"href":"https:\/\/www.imkerverein-probstei.de\/index.php?rest_route=%2Fwp%2Fv2%2Fmedia&parent=478"}],"curies":[{"name":"wp","href":"https:\/\/api.w.org\/{rel}","templated":true}]}}