{"id":95,"date":"2015-06-10T20:56:36","date_gmt":"2015-06-10T18:56:36","guid":{"rendered":"http:\/\/www.imkerverein-probstei.de\/?page_id=95"},"modified":"2025-05-07T19:37:44","modified_gmt":"2025-05-07T17:37:44","slug":"mitglied-werden","status":"publish","type":"page","link":"https:\/\/www.imkerverein-probstei.de\/?page_id=95","title":{"rendered":"Mitglied werden"},"content":{"rendered":"<p>Um Bienen halten zu d\u00fcrfen, ist eine Mitgliedschaft in einem Verein zwar nicht erforderlich \u2013 hat aber viele Vorteile, so zum Beispiel:<br \/>\n&#8211; eingebundene Rechtschutz-, Sach- und Haftpflichtversicherung<br \/>\n&#8211; fachliche Beratung in Fragen der Bienenhaltung und Honigerzeugung<br \/>\n&#8211; M\u00f6glichkeit der Honigvermarktung im Namen des Deutschen Imkerbundes<br \/>\n&#8211; regelm\u00e4\u00dfiger Bezug der monatlichen Zeitschrift \u201eDie neue Bienenzucht\u201c des Landesverbandes<\/p>\n<p><a href=\"https:\/\/www.imkerverein-probstei.de\/?page_id=93\"><span style=\"color: #ff0000;\">Wollen Sie Imker\/in werden? Sprechen Sie uns an !<\/span><\/a><br \/>\nGemeinsam finden wir einen Weg zur Ausbildung und f\u00fcr die weitere Begleitung einen Imkerpaten. Alles zum Wohl unserer Bienen.<\/p>\n<p><a href=\"https:\/\/www.imkerverein-probstei.de\/wp-content\/uploads\/2025\/05\/Anmeldeformular-Imkerverein-Probstei.pdf\" target=\"_new\">Aufnahmeantrag IV Probstei<\/a><br \/>\n<a href=\"https:\/\/www.imkerverein-probstei.de\/?page_id=93\">Unser Vorstand<\/a><br \/>\n<a href=\"https:\/\/www.imkerverein-probstei.de\/wp-content\/uploads\/2015\/06\/Anzeige-der-Bienenhaltung.pdf\" target=\"_new\">Anzeige der Bienenhaltung<\/a><\/p>\n","protected":false},"excerpt":{"rendered":"<p>Um Bienen halten zu d\u00fcrfen, ist eine Mitgliedschaft in einem Verein zwar nicht erforderlich \u2013 hat aber viele Vorteile, so zum Beispiel: &#8211; eingebundene Rechtschutz-, Sach- und Haftpflichtversicherung &#8211; fachliche Beratung in Fragen der Bienenhaltung und Honigerzeugung &#8211; M\u00f6glichkeit der Honigvermarktung im Namen des Deutschen Imkerbundes &#8211; regelm\u00e4\u00dfiger Bezug der monatlichen Zeitschrift \u201eDie neue Bienenzucht\u201c &hellip; <a href=\"https:\/\/www.imkerverein-probstei.de\/?page_id=95\" class=\"more-link\"><span class=\"screen-reader-text\">Mitglied werden<\/span> weiterlesen <span class=\"meta-nav\">&rarr;<\/span><\/a><\/p>\n","protected":false},"author":1,"featured_media":0,"parent":91,"menu_order":2,"comment_status":"closed","ping_status":"closed","template":"","meta":{"footnotes":""},"class_list":["post-95","page","type-page","status-publish","hentry"],"_links":{"self":[{"href":"https:\/\/www.imkerverein-probstei.de\/index.php?rest_route=\/wp\/v2\/pages\/95","targetHints":{"allow":["GET"]}}],"collection":[{"href":"https:\/\/www.imkerverein-probstei.de\/index.php?rest_route=\/wp\/v2\/pages"}],"about":[{"href":"https:\/\/www.imkerverein-probstei.de\/index.php?rest_route=\/wp\/v2\/types\/page"}],"author":[{"embeddable":true,"href":"https:\/\/www.imkerverein-probstei.de\/index.php?rest_route=\/wp\/v2\/users\/1"}],"replies":[{"embeddable":true,"href":"https:\/\/www.imkerverein-probstei.de\/index.php?rest_route=%2Fwp%2Fv2%2Fcomments&post=95"}],"version-history":[{"count":17,"href":"https:\/\/www.imkerverein-probstei.de\/index.php?rest_route=\/wp\/v2\/pages\/95\/revisions"}],"predecessor-version":[{"id":1095,"href":"https:\/\/www.imkerverein-probstei.de\/index.php?rest_route=\/wp\/v2\/pages\/95\/revisions\/1095"}],"up":[{"embeddable":true,"href":"https:\/\/www.imkerverein-probstei.de\/index.php?rest_route=\/wp\/v2\/pages\/91"}],"wp:attachment":[{"href":"https:\/\/www.imkerverein-probstei.de\/index.php?rest_route=%2Fwp%2Fv2%2Fmedia&parent=95"}],"curies":[{"name":"wp","href":"https:\/\/api.w.org\/{rel}","templated":true}]}}